{"id":64,"date":"2015-12-17T00:00:46","date_gmt":"2015-12-16T23:00:46","guid":{"rendered":"http:\/\/lvps176-28-10-124.dedicated.hosteurope.de\/?page_id=64"},"modified":"2022-02-12T13:13:47","modified_gmt":"2022-02-12T12:13:47","slug":"sonnige-2-zi-wohnung-mit-terrasse-und-gartennutzung","status":"publish","type":"page","link":"https:\/\/ghi-ulm.de\/?page_id=64","title":{"rendered":"Sonnige 2-Zi.Wohnung mit Terrasse, Gartennutzung und Carport"},"content":{"rendered":"<p><img loading=\"lazy\" decoding=\"async\" class=\"alignnone size-full wp-image-78\" src=\"https:\/\/ghi-ulm.de\/wp-content\/uploads\/2015\/12\/053-1.jpg\" alt=\"053\" width=\"1650\" height=\"1189\" srcset=\"https:\/\/ghi-ulm.de\/wp-content\/uploads\/2015\/12\/053-1.jpg 1650w, https:\/\/ghi-ulm.de\/wp-content\/uploads\/2015\/12\/053-1-300x216.jpg 300w, https:\/\/ghi-ulm.de\/wp-content\/uploads\/2015\/12\/053-1-768x553.jpg 768w, https:\/\/ghi-ulm.de\/wp-content\/uploads\/2015\/12\/053-1-1024x738.jpg 1024w, https:\/\/ghi-ulm.de\/wp-content\/uploads\/2015\/12\/053-1-1200x865.jpg 1200w\" sizes=\"auto, (max-width: 709px) 85vw, (max-width: 909px) 67vw, (max-width: 1362px) 62vw, 840px\" \/><\/p>\n<h5>Objektdaten<\/h5>\n<p>Kaufpreis: VB<br \/>Zimmer (gesamt): 2<br \/>Anzahl Schlafzimmer: 1<br \/>Anzahl Badezimmer: 1<br \/>Anzahl Parkfl\u00e4chen: 1<br \/>Wohnfl\u00e4che: ca. 57m\u00b2<br \/>Zustand: Neuwertig<br \/>Energieausweis: Energieverbrauchsausweis<\/p>\n<h5>Objektbeschreibung<\/h5>\n<p>Das 4-Familienhaus ist Teil einer kleinen gepflegten Wohnanlage mitten im Dorf gelegen, bestehend aus zwei Vierfamilienh\u00e4usern und zwei Doppelh\u00e4usern, also insgesamt nur<br \/>12 Wohnungen auf einem \u00fcber 5000m\u00b2 gro\u00dfen Grundst\u00fcck.<br \/>Die H\u00e4user wurden in Ziegelbauweise mit hochwertiger D\u00e4mmung und massiver Holzverschalung im Stil der &#8222;Neubauernh\u00e4user&#8220; erbaut.<br \/>Althergebrachte Formen des Bauens wurden mit anspruchsvoller, moderner Architektur verbunden, so dass die H\u00e4user Ihren eigenst\u00e4ndigen Charakter haben und sich gleichwohl harmonisch in die gewachsene Umgebung einf\u00fcgen.<br \/>Die Wohnung verf\u00fcgt \u00fcber eine nach S\u00fcdwesten ausgerichtete Terrasse zuz\u00fcglich eines Garten-Sondernutzungsrechts.<br \/>Ein gro\u00dfer Kellerraum mit Fenster geh\u00f6rt zur Wohnung. Weiterhin stehen zwei Gemeinschaftsr\u00e4ume f\u00fcr Fahrr\u00e4der, Kinderwagen usw. sowie ein Waschmaschinen- und Trocknerraum im Untergescho\u00df zur Verf\u00fcgung.<br \/>Der ger\u00e4umige Carport befindet sich direkt gegen\u00fcber dem Haus.<\/p>\n<h5>Lagebeschreibung<\/h5>\n<p>Ammelshain (1100 Einwohner) mit seinem alten Schloss geh\u00f6rt zu den sch\u00f6nsten D\u00f6rfern um Leipzig und grenzt an das Landschaftsschutzgebiet &#8222;Haselberg&#8220; mit Natursee und an die nur 2km entfernten Naherholungs-Badeseen. Das nahe Muldental und sch\u00f6ne Mischw\u00e4lder laden zu ausgedehnten Spazierg\u00e4ngen ein.<br \/>Einkaufsm\u00f6glichkeiten des t\u00e4glichen Bedarfs sind in 5 Minuten zu Fu\u00df erreichbar, ebenso die Grundschule und der sch\u00f6ne neue Kindergarten. Weitergehende Einkaufsm\u00f6glichkeiten sowie Realschule und Gymnasium befinden sich in ca. 4km Entfernung in Naunhof bzw. in der ca. 8km entfernten Kreisstadt Grimma, in wenigen Minuten mit dem Bus erreichbar.<br \/>Anbindung an Leipzig: Direkter Autobahnanschluss bzw. Nahverkehrszug Ammelshain-Leipzig im 1-Std. Takt, Fahrzeit 35 Minuten. Oder ab Beucha (7km) mit der S-Bahnlinie im 20 Minuten-Takt.<\/p>\n<h5>Ausstattung<\/h5>\n<p>Heizung: \u00d6l-Zentralheizung<br \/>Fenster: Kunststoff-Isolierglasfenster mit Roll\u00e4den<br \/>Bodenbel\u00e4ge: Massivholz-Eiche-Parkettboden<br \/>T\u00fcren: Holz, wei\u00df lackiert<br \/>Bad: mit Fenster, Badewanne, Duschkabine, Waschbecken und WC<br \/>G\u00e4ste-WC: ja<\/p>\n<h5>Sonstiges<\/h5>\n<p>Niedrige Energiekosten aufgrund hochwertiger Isolierung der Au\u00dfenfassade und des Daches.<\/p>\n<h5>Dokumente<\/h5>\n<p><a href=\"https:\/\/ghi-ulm.de\/wp-content\/uploads\/2022\/02\/AP24_EG_Kauf.pdf\">Exposee mit Grundriss<\/a><\/p>\n\n\n<p><\/p>\n","protected":false},"excerpt":{"rendered":"<p>Objektdaten Kaufpreis: VBZimmer (gesamt): 2Anzahl Schlafzimmer: 1Anzahl Badezimmer: 1Anzahl Parkfl\u00e4chen: 1Wohnfl\u00e4che: ca. 57m\u00b2Zustand: NeuwertigEnergieausweis: Energieverbrauchsausweis Objektbeschreibung Das 4-Familienhaus ist Teil einer kleinen gepflegten Wohnanlage mitten im Dorf gelegen, bestehend aus zwei Vierfamilienh\u00e4usern und zwei Doppelh\u00e4usern, also insgesamt nur12 Wohnungen auf einem \u00fcber 5000m\u00b2 gro\u00dfen Grundst\u00fcck.Die H\u00e4user wurden in Ziegelbauweise mit hochwertiger D\u00e4mmung und massiver Holzverschalung &hellip; <a href=\"https:\/\/ghi-ulm.de\/?page_id=64\" class=\"more-link\"><span class=\"screen-reader-text\">\u201eSonnige 2-Zi.Wohnung mit Terrasse, Gartennutzung und Carport\u201c <\/span>weiterlesen<\/a><\/p>\n","protected":false},"author":1,"featured_media":0,"parent":30,"menu_order":0,"comment_status":"closed","ping_status":"closed","template":"","meta":{"footnotes":""},"class_list":["post-64","page","type-page","status-publish","hentry"],"_links":{"self":[{"href":"https:\/\/ghi-ulm.de\/index.php?rest_route=\/wp\/v2\/pages\/64","targetHints":{"allow":["GET"]}}],"collection":[{"href":"https:\/\/ghi-ulm.de\/index.php?rest_route=\/wp\/v2\/pages"}],"about":[{"href":"https:\/\/ghi-ulm.de\/index.php?rest_route=\/wp\/v2\/types\/page"}],"author":[{"embeddable":true,"href":"https:\/\/ghi-ulm.de\/index.php?rest_route=\/wp\/v2\/users\/1"}],"replies":[{"embeddable":true,"href":"https:\/\/ghi-ulm.de\/index.php?rest_route=%2Fwp%2Fv2%2Fcomments&post=64"}],"version-history":[{"count":8,"href":"https:\/\/ghi-ulm.de\/index.php?rest_route=\/wp\/v2\/pages\/64\/revisions"}],"predecessor-version":[{"id":158,"href":"https:\/\/ghi-ulm.de\/index.php?rest_route=\/wp\/v2\/pages\/64\/revisions\/158"}],"up":[{"embeddable":true,"href":"https:\/\/ghi-ulm.de\/index.php?rest_route=\/wp\/v2\/pages\/30"}],"wp:attachment":[{"href":"https:\/\/ghi-ulm.de\/index.php?rest_route=%2Fwp%2Fv2%2Fmedia&parent=64"}],"curies":[{"name":"wp","href":"https:\/\/api.w.org\/{rel}","templated":true}]}}